{"id":50,"date":"2018-07-22T11:51:29","date_gmt":"2018-07-22T09:51:29","guid":{"rendered":"http:\/\/piratennest-breskens.de\/wordpress\/?page_id=50"},"modified":"2021-01-03T11:59:39","modified_gmt":"2021-01-03T10:59:39","slug":"home","status":"publish","type":"page","link":"https:\/\/www.piratennest-breskens.de\/","title":{"rendered":"Home"},"content":{"rendered":"\n<div class=\"wp-block-image wp-image-306 size-medium\"><figure class=\"alignright\"><img loading=\"lazy\" decoding=\"async\" width=\"300\" height=\"200\" src=\"https:\/\/www.piratennest-breskens.de\/wp-content\/uploads\/2019\/05\/1-2-300x200.jpg\" alt=\"\" class=\"wp-image-306\"\/><\/figure><\/div>\n\n\n\n<p>Unser kinderfreundliches Ferienhaus mit der Hausnummer 92 liegt im Ferienpark Schoneveld. Der Nordseestrand befindet sich in ca. 600 Meter Entfernung. Das Haus wurde im Dezember 2017 komplett renoviert und l\u00e4dt Sie ein, dort einen erholsamen Urlaub zu verbringen.<br>In 20 Meter Entfernung finden Sie einen kleinen Supermarkt, in welchem Sie neben Lebensmitteln auch Ihre Br\u00f6tchen am Morgen bekommen. Daneben finden Sie ein Restaurant mit einer einladenden Terrasse, an welcher ein Spielplatz direkt angrenzt. Im gleichen Geb\u00e4ude finden Sie eine Bowlingbahn und ein kleines Schwimmbad ( beides gegen Geb\u00fchr). <br>Weitere gastronomische Angebote und eine Minigolfbahn sind fu\u00dfl\u00e4ufig zu erreichen. Der Ort Breskens bietet verschiedene Einkaufsm\u00f6glichkeiten, sowie nette Bars und Restaurants. <br>Das Haus hat eine Wohnfl\u00e4che von ca. 85 m\u00b2 und kann mit 6 Personen (+ evtl. 1 Baby) bewohnt werden. <\/p>\n\n\n\n<div class=\"wp-block-image size-medium wp-image-308\"><figure class=\"alignleft\"><img loading=\"lazy\" decoding=\"async\" width=\"300\" height=\"200\" src=\"https:\/\/www.piratennest-breskens.de\/wp-content\/uploads\/2019\/05\/3-1-300x200.jpg\" alt=\"Garten\" class=\"wp-image-308\"\/><\/figure><\/div>\n\n\n\n<p>In unserem Haus sind <strong>keine<\/strong> Haustiere erlaubt und Rauchen ist <strong>nicht <\/strong>gestattet. Die rauchenden G\u00e4ste werden angehalten, dies auf unserer Terrasse zu tun.<br>Des weiteren steht Ihnen kostenloses WLAN und viele deutsche TV-Sender (SAT-Receiver) zur Verf\u00fcgung. <br>EXTRA f\u00fcr Kinder:\u00a0Babybett, Treppengitter, Tritthocker, Hochstuhl, Toilettensitz-Verkleinerer, Spielzeug sind in unseren Mietpreisen schon enthalten.<br><br><\/p>\n\n\n\n<p><strong><em>Lage:<\/em><\/strong><\/p>\n\n\n\n<figure><iframe loading=\"lazy\" id=\"Inlineframe1\" src=\"https:\/\/www.google.com\/maps\/embed?pb=!1m14!1m8!1m3!1d4978.337376331795!2d3.5314015!3d51.3999551!3m2!1i1024!2i768!4f13.1!3m3!1m2!1s0x47c498e0253510e5%3A0xa425c9c962aa3efd!2sSchoneveld+92%2C+4511+HV+Breskens%2C+Niederlande!5e0!3m2!1sde!2sde!4a71180343\" name=\"Inlineframe1\" width=\"671\" height=\"268\" frameborder=\"0\"><\/iframe><\/figure>\n\n\n\n<p><br><em><strong>Anreise und Entfernungen<\/strong><\/em><br>Strand: ca. 600m<br>Einkaufsm\u00f6glichkeit: ca. 200m<br>Restaurant: ca. 400m<br>Ortsmitte: ca. 1.5 km<br>Linienbus: ca. 500m<br>Br\u00fcssel &#8211; 124 km<br>Knokke Heist,Belgien &#8211; 30 km<\/p>\n\n\n\n<p><em><strong>Sportm\u00f6glichkeiten in der Umgebung<\/strong><\/em><br>Fahrradfahren<br>Inlineskating<br>Schwimmen<br>Surfen<br>Wandern<br>Wasserski<\/p>\n","protected":false},"excerpt":{"rendered":"<p>Unser kinderfreundliches Ferienhaus mit der Hausnummer 92 liegt im Ferienpark Schoneveld. Der Nordseestrand befindet sich in ca. 600 Meter Entfernung. Das Haus wurde im Dezember 2017 komplett renoviert und l\u00e4dt Sie ein, dort einen erholsamen Urlaub zu verbringen.In 20 Meter Entfernung finden Sie einen kleinen Supermarkt, in welchem Sie neben&#8230;<\/p>\n<p> <a class=\"continue-reading-link\" href=\"https:\/\/www.piratennest-breskens.de\/\"><span>Continue reading<\/span><i class=\"crycon-right-dir\"><\/i><\/a> <\/p>\n","protected":false},"author":1,"featured_media":0,"parent":0,"menu_order":0,"comment_status":"closed","ping_status":"closed","template":"","meta":{"footnotes":""},"class_list":["post-50","page","type-page","status-publish","hentry"],"yoast_head":"<!-- This site is optimized with the Yoast SEO plugin v26.8 - https:\/\/yoast.com\/product\/yoast-seo-wordpress\/ -->\n<title>Home - Piratennest Breskens<\/title>\n<meta name=\"robots\" content=\"index, follow, max-snippet:-1, max-image-preview:large, max-video-preview:-1\" \/>\n<link rel=\"canonical\" href=\"https:\/\/www.piratennest-breskens.de\/\" \/>\n<meta property=\"og:locale\" content=\"de_DE\" \/>\n<meta property=\"og:type\" content=\"article\" \/>\n<meta property=\"og:title\" content=\"Home - Piratennest Breskens\" \/>\n<meta property=\"og:description\" content=\"Unser kinderfreundliches Ferienhaus mit der Hausnummer 92 liegt im Ferienpark Schoneveld. Der Nordseestrand befindet sich in ca. 600 Meter Entfernung. Das Haus wurde im Dezember 2017 komplett renoviert und l\u00e4dt Sie ein, dort einen erholsamen Urlaub zu verbringen.In 20 Meter Entfernung finden Sie einen kleinen Supermarkt, in welchem Sie neben... Continue reading\" \/>\n<meta property=\"og:url\" content=\"https:\/\/www.piratennest-breskens.de\/\" \/>\n<meta property=\"og:site_name\" content=\"Piratennest Breskens\" \/>\n<meta property=\"article:modified_time\" content=\"2021-01-03T10:59:39+00:00\" \/>\n<meta property=\"og:image\" content=\"https:\/\/www.piratennest-breskens.de\/wp-content\/uploads\/2019\/05\/1-2-300x200.jpg\" \/>\n<meta name=\"twitter:card\" content=\"summary_large_image\" \/>\n<meta name=\"twitter:label1\" content=\"Gesch\u00e4tzte Lesezeit\" \/>\n\t<meta name=\"twitter:data1\" content=\"1\u00a0Minute\" \/>\n<script type=\"application\/ld+json\" class=\"yoast-schema-graph\">{\"@context\":\"https:\/\/schema.org\",\"@graph\":[{\"@type\":\"WebPage\",\"@id\":\"https:\/\/www.piratennest-breskens.de\/\",\"url\":\"https:\/\/www.piratennest-breskens.de\/\",\"name\":\"Home - Piratennest Breskens\",\"isPartOf\":{\"@id\":\"https:\/\/www.piratennest-breskens.de\/#website\"},\"primaryImageOfPage\":{\"@id\":\"https:\/\/www.piratennest-breskens.de\/#primaryimage\"},\"image\":{\"@id\":\"https:\/\/www.piratennest-breskens.de\/#primaryimage\"},\"thumbnailUrl\":\"https:\/\/www.piratennest-breskens.de\/wp-content\/uploads\/2019\/05\/1-2-300x200.jpg\",\"datePublished\":\"2018-07-22T09:51:29+00:00\",\"dateModified\":\"2021-01-03T10:59:39+00:00\",\"breadcrumb\":{\"@id\":\"https:\/\/www.piratennest-breskens.de\/#breadcrumb\"},\"inLanguage\":\"de\",\"potentialAction\":[{\"@type\":\"ReadAction\",\"target\":[\"https:\/\/www.piratennest-breskens.de\/\"]}]},{\"@type\":\"ImageObject\",\"inLanguage\":\"de\",\"@id\":\"https:\/\/www.piratennest-breskens.de\/#primaryimage\",\"url\":\"https:\/\/www.piratennest-breskens.de\/wp-content\/uploads\/2019\/05\/1-2-300x200.jpg\",\"contentUrl\":\"https:\/\/www.piratennest-breskens.de\/wp-content\/uploads\/2019\/05\/1-2-300x200.jpg\"},{\"@type\":\"BreadcrumbList\",\"@id\":\"https:\/\/www.piratennest-breskens.de\/#breadcrumb\",\"itemListElement\":[{\"@type\":\"ListItem\",\"position\":1,\"name\":\"Startseite\",\"item\":\"https:\/\/www.piratennest-breskens.de\/\"},{\"@type\":\"ListItem\",\"position\":2,\"name\":\"Home\"}]},{\"@type\":\"WebSite\",\"@id\":\"https:\/\/www.piratennest-breskens.de\/#website\",\"url\":\"https:\/\/www.piratennest-breskens.de\/\",\"name\":\"Piratennest Breskens\",\"description\":\"\",\"potentialAction\":[{\"@type\":\"SearchAction\",\"target\":{\"@type\":\"EntryPoint\",\"urlTemplate\":\"https:\/\/www.piratennest-breskens.de\/?s={search_term_string}\"},\"query-input\":{\"@type\":\"PropertyValueSpecification\",\"valueRequired\":true,\"valueName\":\"search_term_string\"}}],\"inLanguage\":\"de\"}]}<\/script>\n<!-- \/ Yoast SEO plugin. -->","yoast_head_json":{"title":"Home - Piratennest Breskens","robots":{"index":"index","follow":"follow","max-snippet":"max-snippet:-1","max-image-preview":"max-image-preview:large","max-video-preview":"max-video-preview:-1"},"canonical":"https:\/\/www.piratennest-breskens.de\/","og_locale":"de_DE","og_type":"article","og_title":"Home - Piratennest Breskens","og_description":"Unser kinderfreundliches Ferienhaus mit der Hausnummer 92 liegt im Ferienpark Schoneveld. Der Nordseestrand befindet sich in ca. 600 Meter Entfernung. Das Haus wurde im Dezember 2017 komplett renoviert und l\u00e4dt Sie ein, dort einen erholsamen Urlaub zu verbringen.In 20 Meter Entfernung finden Sie einen kleinen Supermarkt, in welchem Sie neben... Continue reading","og_url":"https:\/\/www.piratennest-breskens.de\/","og_site_name":"Piratennest Breskens","article_modified_time":"2021-01-03T10:59:39+00:00","og_image":[{"url":"https:\/\/www.piratennest-breskens.de\/wp-content\/uploads\/2019\/05\/1-2-300x200.jpg","type":"","width":"","height":""}],"twitter_card":"summary_large_image","twitter_misc":{"Gesch\u00e4tzte Lesezeit":"1\u00a0Minute"},"schema":{"@context":"https:\/\/schema.org","@graph":[{"@type":"WebPage","@id":"https:\/\/www.piratennest-breskens.de\/","url":"https:\/\/www.piratennest-breskens.de\/","name":"Home - Piratennest Breskens","isPartOf":{"@id":"https:\/\/www.piratennest-breskens.de\/#website"},"primaryImageOfPage":{"@id":"https:\/\/www.piratennest-breskens.de\/#primaryimage"},"image":{"@id":"https:\/\/www.piratennest-breskens.de\/#primaryimage"},"thumbnailUrl":"https:\/\/www.piratennest-breskens.de\/wp-content\/uploads\/2019\/05\/1-2-300x200.jpg","datePublished":"2018-07-22T09:51:29+00:00","dateModified":"2021-01-03T10:59:39+00:00","breadcrumb":{"@id":"https:\/\/www.piratennest-breskens.de\/#breadcrumb"},"inLanguage":"de","potentialAction":[{"@type":"ReadAction","target":["https:\/\/www.piratennest-breskens.de\/"]}]},{"@type":"ImageObject","inLanguage":"de","@id":"https:\/\/www.piratennest-breskens.de\/#primaryimage","url":"https:\/\/www.piratennest-breskens.de\/wp-content\/uploads\/2019\/05\/1-2-300x200.jpg","contentUrl":"https:\/\/www.piratennest-breskens.de\/wp-content\/uploads\/2019\/05\/1-2-300x200.jpg"},{"@type":"BreadcrumbList","@id":"https:\/\/www.piratennest-breskens.de\/#breadcrumb","itemListElement":[{"@type":"ListItem","position":1,"name":"Startseite","item":"https:\/\/www.piratennest-breskens.de\/"},{"@type":"ListItem","position":2,"name":"Home"}]},{"@type":"WebSite","@id":"https:\/\/www.piratennest-breskens.de\/#website","url":"https:\/\/www.piratennest-breskens.de\/","name":"Piratennest Breskens","description":"","potentialAction":[{"@type":"SearchAction","target":{"@type":"EntryPoint","urlTemplate":"https:\/\/www.piratennest-breskens.de\/?s={search_term_string}"},"query-input":{"@type":"PropertyValueSpecification","valueRequired":true,"valueName":"search_term_string"}}],"inLanguage":"de"}]}},"_links":{"self":[{"href":"https:\/\/www.piratennest-breskens.de\/index.php?rest_route=\/wp\/v2\/pages\/50","targetHints":{"allow":["GET"]}}],"collection":[{"href":"https:\/\/www.piratennest-breskens.de\/index.php?rest_route=\/wp\/v2\/pages"}],"about":[{"href":"https:\/\/www.piratennest-breskens.de\/index.php?rest_route=\/wp\/v2\/types\/page"}],"author":[{"embeddable":true,"href":"https:\/\/www.piratennest-breskens.de\/index.php?rest_route=\/wp\/v2\/users\/1"}],"replies":[{"embeddable":true,"href":"https:\/\/www.piratennest-breskens.de\/index.php?rest_route=%2Fwp%2Fv2%2Fcomments&post=50"}],"version-history":[{"count":23,"href":"https:\/\/www.piratennest-breskens.de\/index.php?rest_route=\/wp\/v2\/pages\/50\/revisions"}],"predecessor-version":[{"id":439,"href":"https:\/\/www.piratennest-breskens.de\/index.php?rest_route=\/wp\/v2\/pages\/50\/revisions\/439"}],"wp:attachment":[{"href":"https:\/\/www.piratennest-breskens.de\/index.php?rest_route=%2Fwp%2Fv2%2Fmedia&parent=50"}],"curies":[{"name":"wp","href":"https:\/\/api.w.org\/{rel}","templated":true}]}}