{"id":71,"date":"2018-07-29T16:42:13","date_gmt":"2018-07-29T14:42:13","guid":{"rendered":"http:\/\/piratennest-breskens.de\/wordpress\/?page_id=71"},"modified":"2020-01-08T10:35:03","modified_gmt":"2020-01-08T09:35:03","slug":"ausstattung","status":"publish","type":"page","link":"https:\/\/www.piratennest-breskens.de\/?page_id=71","title":{"rendered":"Ausstattung"},"content":{"rendered":"\n<table id=\"tablepress-2\" class=\"tablepress tablepress-id-2\">\n<tbody class=\"row-striping\">\n<tr class=\"row-1\">\n\t<td class=\"column-1\">Wohnraum:<\/td><td class=\"column-2\">Essbereich:<\/td><td class=\"column-3\">K\u00fcche:<\/td><td class=\"column-4\">Badezimmer (EG):<\/td>\n<\/tr>\n<tr class=\"row-2\">\n\t<td class=\"column-1\">Bequeme Couch<br \/>\nFlachbildschirm<br \/>\nSat-Receiver<br \/>\nRadio-CD<br \/>\nB\u00fccher\u00a0<br \/>\nGesellschaftsspiele<\/td><td class=\"column-2\">Gro\u00dfer Esstisch<br \/>\n6 St\u00fchle<br \/>\nKinderhochstuhl<\/td><td class=\"column-3\">K\u00fchlschrank (Gefrierfach)<br \/>\nGasherd<br \/>\nBackofen<br \/>\nMikrowelle<br \/>\nSp\u00fclmaschine<br \/>\nToaster<br \/>\nWasserkocher\u00a0<br \/>\nKaffeemaschine\u00a0<br \/>\nPad-Kaffeeemaschine\u00a0<br \/>\nRacelette<br \/>\nGeschirr und Besteck<br \/>\n\u00a0<\/td><td class=\"column-4\">Waschbecken<br \/>\nBadm\u00f6bel<br \/>\nBadewanne mit Duschabtrennung\u00a0<br \/>\nWC<br \/>\nF\u00f6n<br \/>\nWaschtrockner<\/td>\n<\/tr>\n<tr class=\"row-3\">\n\t<td class=\"column-1\">Schlafzimmer EG:<\/td><td class=\"column-2\">1. Schlafzimmer OG:<\/td><td class=\"column-3\">2. Schlafzimmer OG:<\/td><td class=\"column-4\">Bad oben:<\/td>\n<\/tr>\n<tr class=\"row-4\">\n\t<td class=\"column-1\">Kleiderschrank<br \/>\nBett 160x200 (neue Matratzen 2020)<br \/>\nBabybett (mit Matratze 60x120)<br \/>\nVerdunklungsvorhang<\/td><td class=\"column-2\">Zwei Einzelbetten 90x200<br \/>\nEinbauschrank<br \/>\nKleine Spielecke<br \/>\nVerdunklungsrollo<\/td><td class=\"column-3\">Doppelbett 140x200<br \/>\nEinbauschrank<br \/>\nVerdunklungsrollo<\/td><td class=\"column-4\">Dusche<br \/>\nWC<br \/>\nWaschbecken\u00a0<br \/>\nVerdunklungsrollo<br \/>\n\u00a0<\/td>\n<\/tr>\n<tr class=\"row-5\">\n\t<td class=\"column-1\">Flur oben:<\/td><td class=\"column-2\">Heizung:<\/td><td class=\"column-3\">Aussenaustattung:<\/td><td class=\"column-4\">\u00a0<\/td>\n<\/tr>\n<tr class=\"row-6\">\n\t<td class=\"column-1\">Garderobe<br \/>\nAbstellm\u00f6glichkeit f\u00fcr Koffer<br \/>\n2 Sonnenliegen<br \/>\nStrandmuschel<br \/>\nStrandschirm<\/td><td class=\"column-2\">Zentralheizung<\/td><td class=\"column-3\">Garten<br \/>\nGrill<br \/>\nPKW-Stellplatz<br \/>\nTerrasse<br \/>\nSonnenschirm<br \/>\n2 Fahrr\u00e4der *<br \/>\nGartentisch\u00a0<br \/>\n6 Gartenst\u00fchle<\/td><td class=\"column-4\"><\/td>\n<\/tr>\n<\/tbody>\n<\/table>\n<!-- #tablepress-2 from cache -->\n<p>* Die Fahrr\u00e4der sind kein Mietgegenstand, sondern werden kostenlos zur Verf\u00fcgung gestellt. F\u00fcr die technische Sicherheit vor Fahrbeginn ist der Mieter selber zust\u00e4ndig!<\/p>\n","protected":false},"excerpt":{"rendered":"<p>* Die Fahrr\u00e4der sind kein Mietgegenstand, sondern werden kostenlos zur Verf\u00fcgung gestellt. F\u00fcr die technische Sicherheit vor Fahrbeginn ist der Mieter selber zust\u00e4ndig!<\/p>\n<p> <a class=\"continue-reading-link\" href=\"https:\/\/www.piratennest-breskens.de\/?page_id=71\"><span>Continue reading<\/span><i class=\"crycon-right-dir\"><\/i><\/a> <\/p>\n","protected":false},"author":1,"featured_media":0,"parent":0,"menu_order":0,"comment_status":"closed","ping_status":"closed","template":"","meta":{"footnotes":""},"class_list":["post-71","page","type-page","status-publish","hentry"],"yoast_head":"<!-- This site is optimized with the Yoast SEO plugin v26.8 - https:\/\/yoast.com\/product\/yoast-seo-wordpress\/ -->\n<title>Ausstattung - Piratennest Breskens<\/title>\n<meta name=\"robots\" content=\"index, follow, max-snippet:-1, max-image-preview:large, max-video-preview:-1\" \/>\n<link rel=\"canonical\" href=\"https:\/\/www.piratennest-breskens.de\/?page_id=71\" \/>\n<meta property=\"og:locale\" content=\"de_DE\" \/>\n<meta property=\"og:type\" content=\"article\" \/>\n<meta property=\"og:title\" content=\"Ausstattung - Piratennest Breskens\" \/>\n<meta property=\"og:description\" content=\"* Die Fahrr\u00e4der sind kein Mietgegenstand, sondern werden kostenlos zur Verf\u00fcgung gestellt. F\u00fcr die technische Sicherheit vor Fahrbeginn ist der Mieter selber zust\u00e4ndig! Continue reading\" \/>\n<meta property=\"og:url\" content=\"https:\/\/www.piratennest-breskens.de\/?page_id=71\" \/>\n<meta property=\"og:site_name\" content=\"Piratennest Breskens\" \/>\n<meta property=\"article:modified_time\" content=\"2020-01-08T09:35:03+00:00\" \/>\n<meta name=\"twitter:card\" content=\"summary_large_image\" \/>\n<script type=\"application\/ld+json\" class=\"yoast-schema-graph\">{\"@context\":\"https:\/\/schema.org\",\"@graph\":[{\"@type\":\"WebPage\",\"@id\":\"https:\/\/www.piratennest-breskens.de\/?page_id=71\",\"url\":\"https:\/\/www.piratennest-breskens.de\/?page_id=71\",\"name\":\"Ausstattung - Piratennest Breskens\",\"isPartOf\":{\"@id\":\"https:\/\/www.piratennest-breskens.de\/#website\"},\"datePublished\":\"2018-07-29T14:42:13+00:00\",\"dateModified\":\"2020-01-08T09:35:03+00:00\",\"breadcrumb\":{\"@id\":\"https:\/\/www.piratennest-breskens.de\/?page_id=71#breadcrumb\"},\"inLanguage\":\"de\",\"potentialAction\":[{\"@type\":\"ReadAction\",\"target\":[\"https:\/\/www.piratennest-breskens.de\/?page_id=71\"]}]},{\"@type\":\"BreadcrumbList\",\"@id\":\"https:\/\/www.piratennest-breskens.de\/?page_id=71#breadcrumb\",\"itemListElement\":[{\"@type\":\"ListItem\",\"position\":1,\"name\":\"Startseite\",\"item\":\"https:\/\/www.piratennest-breskens.de\/\"},{\"@type\":\"ListItem\",\"position\":2,\"name\":\"Ausstattung\"}]},{\"@type\":\"WebSite\",\"@id\":\"https:\/\/www.piratennest-breskens.de\/#website\",\"url\":\"https:\/\/www.piratennest-breskens.de\/\",\"name\":\"Piratennest Breskens\",\"description\":\"\",\"potentialAction\":[{\"@type\":\"SearchAction\",\"target\":{\"@type\":\"EntryPoint\",\"urlTemplate\":\"https:\/\/www.piratennest-breskens.de\/?s={search_term_string}\"},\"query-input\":{\"@type\":\"PropertyValueSpecification\",\"valueRequired\":true,\"valueName\":\"search_term_string\"}}],\"inLanguage\":\"de\"}]}<\/script>\n<!-- \/ Yoast SEO plugin. -->","yoast_head_json":{"title":"Ausstattung - Piratennest Breskens","robots":{"index":"index","follow":"follow","max-snippet":"max-snippet:-1","max-image-preview":"max-image-preview:large","max-video-preview":"max-video-preview:-1"},"canonical":"https:\/\/www.piratennest-breskens.de\/?page_id=71","og_locale":"de_DE","og_type":"article","og_title":"Ausstattung - Piratennest Breskens","og_description":"* Die Fahrr\u00e4der sind kein Mietgegenstand, sondern werden kostenlos zur Verf\u00fcgung gestellt. F\u00fcr die technische Sicherheit vor Fahrbeginn ist der Mieter selber zust\u00e4ndig! Continue reading","og_url":"https:\/\/www.piratennest-breskens.de\/?page_id=71","og_site_name":"Piratennest Breskens","article_modified_time":"2020-01-08T09:35:03+00:00","twitter_card":"summary_large_image","schema":{"@context":"https:\/\/schema.org","@graph":[{"@type":"WebPage","@id":"https:\/\/www.piratennest-breskens.de\/?page_id=71","url":"https:\/\/www.piratennest-breskens.de\/?page_id=71","name":"Ausstattung - Piratennest Breskens","isPartOf":{"@id":"https:\/\/www.piratennest-breskens.de\/#website"},"datePublished":"2018-07-29T14:42:13+00:00","dateModified":"2020-01-08T09:35:03+00:00","breadcrumb":{"@id":"https:\/\/www.piratennest-breskens.de\/?page_id=71#breadcrumb"},"inLanguage":"de","potentialAction":[{"@type":"ReadAction","target":["https:\/\/www.piratennest-breskens.de\/?page_id=71"]}]},{"@type":"BreadcrumbList","@id":"https:\/\/www.piratennest-breskens.de\/?page_id=71#breadcrumb","itemListElement":[{"@type":"ListItem","position":1,"name":"Startseite","item":"https:\/\/www.piratennest-breskens.de\/"},{"@type":"ListItem","position":2,"name":"Ausstattung"}]},{"@type":"WebSite","@id":"https:\/\/www.piratennest-breskens.de\/#website","url":"https:\/\/www.piratennest-breskens.de\/","name":"Piratennest Breskens","description":"","potentialAction":[{"@type":"SearchAction","target":{"@type":"EntryPoint","urlTemplate":"https:\/\/www.piratennest-breskens.de\/?s={search_term_string}"},"query-input":{"@type":"PropertyValueSpecification","valueRequired":true,"valueName":"search_term_string"}}],"inLanguage":"de"}]}},"_links":{"self":[{"href":"https:\/\/www.piratennest-breskens.de\/index.php?rest_route=\/wp\/v2\/pages\/71","targetHints":{"allow":["GET"]}}],"collection":[{"href":"https:\/\/www.piratennest-breskens.de\/index.php?rest_route=\/wp\/v2\/pages"}],"about":[{"href":"https:\/\/www.piratennest-breskens.de\/index.php?rest_route=\/wp\/v2\/types\/page"}],"author":[{"embeddable":true,"href":"https:\/\/www.piratennest-breskens.de\/index.php?rest_route=\/wp\/v2\/users\/1"}],"replies":[{"embeddable":true,"href":"https:\/\/www.piratennest-breskens.de\/index.php?rest_route=%2Fwp%2Fv2%2Fcomments&post=71"}],"version-history":[{"count":4,"href":"https:\/\/www.piratennest-breskens.de\/index.php?rest_route=\/wp\/v2\/pages\/71\/revisions"}],"predecessor-version":[{"id":84,"href":"https:\/\/www.piratennest-breskens.de\/index.php?rest_route=\/wp\/v2\/pages\/71\/revisions\/84"}],"wp:attachment":[{"href":"https:\/\/www.piratennest-breskens.de\/index.php?rest_route=%2Fwp%2Fv2%2Fmedia&parent=71"}],"curies":[{"name":"wp","href":"https:\/\/api.w.org\/{rel}","templated":true}]}}